{"id":55,"date":"2024-01-09T14:50:23","date_gmt":"2024-01-09T14:50:23","guid":{"rendered":"https:\/\/memplate.ee\/home\/"},"modified":"2024-04-26T09:14:28","modified_gmt":"2024-04-26T06:14:28","slug":"avaleht","status":"publish","type":"page","link":"https:\/\/memplate.ee\/ru\/","title":{"rendered":"\u0413\u043b\u0430\u0432\u043d\u0430\u044f \u0441\u0442\u0440\u0430\u043d\u0438\u0446\u0430"},"content":{"rendered":"<section class=\"bde-section-55-418 bde-section\">\n  \n  \n\t\n\n\n\n<div class=\"section-container\"><div class=\"bde-columns-55-419 bde-columns\"><div class=\"bde-column-55-420 bde-column\">\n              \n  \n  \n\t\n\n  <div class=\"section-background-overlay\"><\/div>\n\n\n<h2 class=\"bde-heading-55-423 bde-heading\">\nMemplate <br>\u041c\u0435\u043c\u043e\u0440\u0438\u0430\u043b\n<\/h2><div class=\"bde-text-55-430 bde-text\">\n\u0412\u043e\u0441\u043f\u043e\u043c\u0438\u043d\u0430\u043d\u0438\u044f \u0436\u0438\u0432\u0443\u0442\n<\/div><div class=\"bde-button-55-426 bde-button\">\n    \n                                    \n    \n    \n    \n    \n            \n                    \n            \n            \n\n    \n    \n    \n    \n    \n    <a class=\"breakdance-link button-atom button-atom--primary bde-button__button\" href=\"https:\/\/memorial.memplate.ee\/\" target=\"_self\" data-type=\"url\"  >\n\n    \n        <span class=\"button-atom__text\">\u0421\u043c\u043e\u0442\u0440\u0438\u0442\u0435 \u0442\u043e\u0432\u0430\u0440\u044b<\/span>\n\n        \n        \n                <\/a>\n\n    \n\n\n<\/div>\n<\/div><div class=\"bde-column-55-421 bde-column\">\n              \n  \n  \n\t\n\n  <div class=\"section-background-overlay\"><\/div>\n\n\n<h2 class=\"bde-heading-55-424 bde-heading\">\nMemplate <br>\u041f\u0443\u0442\u0435\u0448\u0435\u0441\u0442\u0432\u0438\u0435\n<\/h2><div class=\"bde-text-55-431 bde-text\">\n\u0414\u0435\u043b\u0438\u0442\u0435\u0441\u044c \u0432\u043e\u0441\u043f\u043e\u043c\u0438\u043d\u0430\u043d\u0438\u044f\u043c\u0438 \u043e \u043f\u0443\u0442\u0435\u0448\u0435\u0441\u0442\u0432\u0438\u044f\u0445 \u0441 \u0441\u0430\u043c\u0438\u043c \u0441\u043e\u0431\u043e\u0439 <br>\u0434\u043e\u0440\u043e\u0433\u0438\u0435 \u043b\u044e\u0434\u0438 - \u043f\u0440\u043e\u0441\u0442\u043e\n<\/div><div class=\"bde-button-55-427 bde-button\">\n    \n                        \n                        \n    \n    \n    \n    \n            \n                    \n            \n            \n\n    \n    \n    \n    \n    \n    <a class=\"breakdance-link button-atom button-atom--custom bde-button__button\" href=\"https:\/\/travel.memplate.ee\" target=\"_self\" data-type=\"url\"  >\n\n    \n        <span class=\"button-atom__text\">\u041c\u044b \u0441\u043a\u043e\u0440\u043e \u043e\u0442\u043a\u0440\u043e\u0435\u043c\u0441\u044f<\/span>\n\n        \n        \n                <\/a>\n\n    \n\n\n<\/div>\n<\/div><div class=\"bde-column-55-422 bde-column\">\n              \n  \n  \n\t\n\n  <div class=\"section-background-overlay\"><\/div>\n\n\n<h2 class=\"bde-heading-55-425 bde-heading\">\nMemplate<br>\u0416\u0438\u0437\u043d\u044c\n<\/h2><div class=\"bde-text-55-432 bde-text\">\n\u041f\u043e\u0434\u0435\u043b\u0438\u0442\u0435\u0441\u044c \u0432\u043e\u0441\u043f\u043e\u043c\u0438\u043d\u0430\u043d\u0438\u044f\u043c\u0438 \u043e \u0441\u0432\u043e\u0438\u0445 \u0441\u0430\u043c\u044b\u0445 <br>\u043e\u0442 \u043b\u044e\u0431\u0438\u043c\u043e\u0433\u043e \u0447\u0435\u043b\u043e\u0432\u0435\u043a\u0430 - \u0432 \u0431\u0435\u0437\u043e\u043f\u0430\u0441\u043d\u043e\u0441\u0442\u0438\n<\/div><div class=\"bde-button-55-428 bde-button\">\n    \n                        \n                        \n    \n    \n    \n    \n            \n                    \n            \n            \n\n    \n    \n    \n    \n    \n    <a class=\"breakdance-link button-atom button-atom--custom bde-button__button\" href=\"https:\/\/life.memplate.ee\" target=\"_self\" data-type=\"url\"  >\n\n    \n        <span class=\"button-atom__text\">\u041c\u044b \u0441\u043a\u043e\u0440\u043e \u043e\u0442\u043a\u0440\u043e\u0435\u043c\u0441\u044f<\/span>\n\n        \n        \n                <\/a>\n\n    \n\n\n<\/div>\n<\/div><\/div><\/div>\n<\/section><section class=\"bde-section-55-294 bde-section\">\n  \n  \n\t\n\n\n\n<div class=\"section-container\"><div class=\"bde-columns-55-295 bde-columns\"><div class=\"bde-column-55-296 bde-column\">\n  \n  \n\t\n\n\n\n<div class=\"bde-image-55-297 bde-image\">\n<figure class=\"breakdance-image breakdance-image--241\">\n\t<div class=\"breakdance-image-container\">\n\t\t<div class=\"breakdance-image-clip\"><img loading=\"lazy\" decoding=\"async\" class=\"breakdance-image-object\" src=\"https:\/\/memplate.ee\/wp-content\/uploads\/2024\/01\/Memplate_SuurSuda_Logo.png\" width=\"834\" height=\"834\" srcset=\"https:\/\/memplate.ee\/wp-content\/uploads\/2024\/01\/Memplate_SuurSuda_Logo.png 834w, https:\/\/memplate.ee\/wp-content\/uploads\/2024\/01\/Memplate_SuurSuda_Logo-300x300.png 300w, https:\/\/memplate.ee\/wp-content\/uploads\/2024\/01\/Memplate_SuurSuda_Logo-150x150.png 150w, https:\/\/memplate.ee\/wp-content\/uploads\/2024\/01\/Memplate_SuurSuda_Logo-768x768.png 768w, https:\/\/memplate.ee\/wp-content\/uploads\/2024\/01\/Memplate_SuurSuda_Logo-600x600.png 600w, https:\/\/memplate.ee\/wp-content\/uploads\/2024\/01\/Memplate_SuurSuda_Logo-100x100.png 100w\" sizes=\"auto, (max-width: 834px) 100vw, 834px\"><\/div>\n\t<\/div><\/figure>\n\n<\/div>\n<\/div><div class=\"bde-column-55-298 bde-column\">\n  \n  \n\t\n\n\n\n<h2 class=\"bde-heading-55-299 bde-heading\">\n\u0427\u0442\u043e \u0442\u0430\u043a\u043e\u0435 \u043c\u0435\u043c\u043f\u043b\u0430\u0442? \n<\/h2><div class=\"bde-text-55-301 bde-text\">\n\u041c\u044b \u0445\u043e\u0442\u0438\u043c, \u0447\u0442\u043e\u0431\u044b Memplate \u0441\u0442\u0430\u043b \u043f\u043b\u0430\u0442\u0444\u043e\u0440\u043c\u043e\u0439, \u0433\u0434\u0435 \u043b\u044e\u0434\u0438 \u043c\u043e\u0433\u0443\u0442 \u043d\u0435 \u0442\u043e\u043b\u044c\u043a\u043e \u0441\u043e\u0445\u0440\u0430\u043d\u044f\u0442\u044c \u0432\u043e\u0441\u043f\u043e\u043c\u0438\u043d\u0430\u043d\u0438\u044f, \u043d\u043e \u0438 \u043e\u0442\u043a\u0440\u044b\u0432\u0430\u0442\u044c \u0434\u043b\u044f \u0441\u0435\u0431\u044f \u0431\u043e\u0433\u0430\u0442\u044b\u0435 \u0438\u0441\u0442\u043e\u0440\u0438\u0438 \u0438 \u043e\u043f\u044b\u0442, \u043a\u043e\u0442\u043e\u0440\u044b\u0435 \u0441\u0444\u043e\u0440\u043c\u0438\u0440\u043e\u0432\u0430\u043b\u0438 \u0438\u0445 \u0441\u0435\u043c\u044c\u0438 \u0438 \u0441\u043e\u043e\u0431\u0449\u0435\u0441\u0442\u0432\u0430. \u041c\u044b \u0445\u043e\u0442\u0438\u043c \u0441\u0442\u0430\u0442\u044c \u0446\u0438\u0444\u0440\u043e\u0432\u044b\u043c \u043c\u043e\u0441\u0442\u043e\u043c \u043c\u0435\u0436\u0434\u0443 \u043f\u043e\u043a\u043e\u043b\u0435\u043d\u0438\u044f\u043c\u0438, \u0433\u0434\u0435 \u043f\u0440\u043e\u0448\u043b\u044b\u0435 \u0436\u0438\u0437\u043d\u0438 \u0441\u0442\u0430\u043d\u043e\u0432\u044f\u0442\u0441\u044f \u0436\u0438\u0432\u044b\u043c \u043e\u043f\u044b\u0442\u043e\u043c \u0431\u043b\u0430\u0433\u043e\u0434\u0430\u0440\u044f \u0441\u043e\u0432\u0440\u0435\u043c\u0435\u043d\u043d\u044b\u043c \u0442\u0435\u0445\u043d\u043e\u043b\u043e\u0433\u0438\u044f\u043c.\n<\/div><div class=\"bde-button-55-429 bde-button\">\n    \n                                    \n    \n    \n    \n    \n            \n            <button type=\"button\" class=\"button-atom button-atom--primary bde-button__button\"  >\n    \n        <span class=\"button-atom__text\">\u0427\u0438\u0442\u0430\u0439\u0442\u0435 \u043e \u043d\u0430\u0441<\/span>\n\n        \n        \n            <\/button>\n    \n\n\n<\/div>\n<\/div><\/div><\/div>\n<\/section>","protected":false},"excerpt":{"rendered":"<p>Memplate Memorial M\u00e4lestused elavad Vaata tooteid Memplate Travel Jaga reisim\u00e4lestusi endale kallite inimestega &#8211; lihtsalt Avame peatselt MemplateLife Jaga m\u00e4lestusi enda k\u00f5ige kallimast inimesest &#8211; turvaliselt Avame peatselt Mis on memplate? Soovime, et Memplate saaks platvormiks, kus inimesed saavad mitte ainult m\u00e4lestusi s\u00e4ilitada, vaid ka avastada rikkalikke lugusid ja kogemusi, mis on kujundanud nende perekondi [&hellip;]<\/p>\n","protected":false},"author":1,"featured_media":0,"parent":0,"menu_order":0,"comment_status":"closed","ping_status":"closed","template":"","meta":{"_breakdance_hide_in_design_set":false,"_breakdance_tags":"","footnotes":""},"class_list":["post-55","page","type-page","status-publish","hentry"],"_links":{"self":[{"href":"https:\/\/memplate.ee\/ru\/wp-json\/wp\/v2\/pages\/55","targetHints":{"allow":["GET"]}}],"collection":[{"href":"https:\/\/memplate.ee\/ru\/wp-json\/wp\/v2\/pages"}],"about":[{"href":"https:\/\/memplate.ee\/ru\/wp-json\/wp\/v2\/types\/page"}],"author":[{"embeddable":true,"href":"https:\/\/memplate.ee\/ru\/wp-json\/wp\/v2\/users\/1"}],"replies":[{"embeddable":true,"href":"https:\/\/memplate.ee\/ru\/wp-json\/wp\/v2\/comments?post=55"}],"version-history":[{"count":155,"href":"https:\/\/memplate.ee\/ru\/wp-json\/wp\/v2\/pages\/55\/revisions"}],"predecessor-version":[{"id":455,"href":"https:\/\/memplate.ee\/ru\/wp-json\/wp\/v2\/pages\/55\/revisions\/455"}],"wp:attachment":[{"href":"https:\/\/memplate.ee\/ru\/wp-json\/wp\/v2\/media?parent=55"}],"curies":[{"name":"wp","href":"https:\/\/api.w.org\/{rel}","templated":true}]}}