{"id":55,"date":"2024-01-09T14:50:23","date_gmt":"2024-01-09T14:50:23","guid":{"rendered":"https:\/\/memplate.ee\/home\/"},"modified":"2024-04-26T09:14:28","modified_gmt":"2024-04-26T06:14:28","slug":"avaleht","status":"publish","type":"page","link":"https:\/\/memplate.ee\/en\/","title":{"rendered":"Home page"},"content":{"rendered":"<section class=\"bde-section-55-418 bde-section\">\n  \n  \n\t\n\n\n\n<div class=\"section-container\"><div class=\"bde-columns-55-419 bde-columns\"><div class=\"bde-column-55-420 bde-column\">\n              \n  \n  \n\t\n\n  <div class=\"section-background-overlay\"><\/div>\n\n\n<h2 class=\"bde-heading-55-423 bde-heading\">\nMemplate <br>Memorial\n<\/h2><div class=\"bde-text-55-430 bde-text\">\nMemories live on\n<\/div><div class=\"bde-button-55-426 bde-button\">\n    \n                                    \n    \n    \n    \n    \n            \n                    \n            \n            \n\n    \n    \n    \n    \n    \n    <a class=\"breakdance-link button-atom button-atom--primary bde-button__button\" href=\"https:\/\/memorial.memplate.ee\/\" target=\"_self\" data-type=\"url\"  >\n\n    \n        <span class=\"button-atom__text\">See products<\/span>\n\n        \n        \n                <\/a>\n\n    \n\n\n<\/div>\n<\/div><div class=\"bde-column-55-421 bde-column\">\n              \n  \n  \n\t\n\n  <div class=\"section-background-overlay\"><\/div>\n\n\n<h2 class=\"bde-heading-55-424 bde-heading\">\nMemplate <br>Travel\n<\/h2><div class=\"bde-text-55-431 bde-text\">\nShare travel memories with your <br>loved ones - simply\n<\/div><div class=\"bde-button-55-427 bde-button\">\n    \n                        \n                        \n    \n    \n    \n    \n            \n                    \n            \n            \n\n    \n    \n    \n    \n    \n    <a class=\"breakdance-link button-atom button-atom--custom bde-button__button\" href=\"https:\/\/travel.memplate.ee\" target=\"_self\" data-type=\"url\"  >\n\n    \n        <span class=\"button-atom__text\">We will open soon<\/span>\n\n        \n        \n                <\/a>\n\n    \n\n\n<\/div>\n<\/div><div class=\"bde-column-55-422 bde-column\">\n              \n  \n  \n\t\n\n  <div class=\"section-background-overlay\"><\/div>\n\n\n<h2 class=\"bde-heading-55-425 bde-heading\">\nMemplate<br>Life\n<\/h2><div class=\"bde-text-55-432 bde-text\">\nShare memories of your most <br>loved one - safely\n<\/div><div class=\"bde-button-55-428 bde-button\">\n    \n                        \n                        \n    \n    \n    \n    \n            \n                    \n            \n            \n\n    \n    \n    \n    \n    \n    <a class=\"breakdance-link button-atom button-atom--custom bde-button__button\" href=\"https:\/\/life.memplate.ee\" target=\"_self\" data-type=\"url\"  >\n\n    \n        <span class=\"button-atom__text\">We will open soon<\/span>\n\n        \n        \n                <\/a>\n\n    \n\n\n<\/div>\n<\/div><\/div><\/div>\n<\/section><section class=\"bde-section-55-294 bde-section\">\n  \n  \n\t\n\n\n\n<div class=\"section-container\"><div class=\"bde-columns-55-295 bde-columns\"><div class=\"bde-column-55-296 bde-column\">\n  \n  \n\t\n\n\n\n<div class=\"bde-image-55-297 bde-image\">\n<figure class=\"breakdance-image breakdance-image--241\">\n\t<div class=\"breakdance-image-container\">\n\t\t<div class=\"breakdance-image-clip\"><img loading=\"lazy\" decoding=\"async\" class=\"breakdance-image-object\" src=\"https:\/\/memplate.ee\/wp-content\/uploads\/2024\/01\/Memplate_SuurSuda_Logo.png\" width=\"834\" height=\"834\" srcset=\"https:\/\/memplate.ee\/wp-content\/uploads\/2024\/01\/Memplate_SuurSuda_Logo.png 834w, https:\/\/memplate.ee\/wp-content\/uploads\/2024\/01\/Memplate_SuurSuda_Logo-300x300.png 300w, https:\/\/memplate.ee\/wp-content\/uploads\/2024\/01\/Memplate_SuurSuda_Logo-150x150.png 150w, https:\/\/memplate.ee\/wp-content\/uploads\/2024\/01\/Memplate_SuurSuda_Logo-768x768.png 768w, https:\/\/memplate.ee\/wp-content\/uploads\/2024\/01\/Memplate_SuurSuda_Logo-600x600.png 600w, https:\/\/memplate.ee\/wp-content\/uploads\/2024\/01\/Memplate_SuurSuda_Logo-100x100.png 100w\" sizes=\"auto, (max-width: 834px) 100vw, 834px\"><\/div>\n\t<\/div><\/figure>\n\n<\/div>\n<\/div><div class=\"bde-column-55-298 bde-column\">\n  \n  \n\t\n\n\n\n<h2 class=\"bde-heading-55-299 bde-heading\">\nWhat is memplate? \n<\/h2><div class=\"bde-text-55-301 bde-text\">\nWe want Memplate to become a platform where people can not only preserve memories, but also discover the rich stories and experiences that have shaped their families and communities. Our vision is to be a digital bridge between generations, where past lives become a living experience through modern technology.\n<\/div><div class=\"bde-button-55-429 bde-button\">\n    \n                                    \n    \n    \n    \n    \n            \n            <button type=\"button\" class=\"button-atom button-atom--primary bde-button__button\"  >\n    \n        <span class=\"button-atom__text\">Read about us<\/span>\n\n        \n        \n            <\/button>\n    \n\n\n<\/div>\n<\/div><\/div><\/div>\n<\/section>","protected":false},"excerpt":{"rendered":"<p>Memplate Memorial M\u00e4lestused elavad Vaata tooteid Memplate Travel Jaga reisim\u00e4lestusi endale kallite inimestega &#8211; lihtsalt Avame peatselt MemplateLife Jaga m\u00e4lestusi enda k\u00f5ige kallimast inimesest &#8211; turvaliselt Avame peatselt Mis on memplate? Soovime, et Memplate saaks platvormiks, kus inimesed saavad mitte ainult m\u00e4lestusi s\u00e4ilitada, vaid ka avastada rikkalikke lugusid ja kogemusi, mis on kujundanud nende perekondi [&hellip;]<\/p>\n","protected":false},"author":1,"featured_media":0,"parent":0,"menu_order":0,"comment_status":"closed","ping_status":"closed","template":"","meta":{"_breakdance_hide_in_design_set":false,"_breakdance_tags":"","footnotes":""},"class_list":["post-55","page","type-page","status-publish","hentry"],"_links":{"self":[{"href":"https:\/\/memplate.ee\/en\/wp-json\/wp\/v2\/pages\/55","targetHints":{"allow":["GET"]}}],"collection":[{"href":"https:\/\/memplate.ee\/en\/wp-json\/wp\/v2\/pages"}],"about":[{"href":"https:\/\/memplate.ee\/en\/wp-json\/wp\/v2\/types\/page"}],"author":[{"embeddable":true,"href":"https:\/\/memplate.ee\/en\/wp-json\/wp\/v2\/users\/1"}],"replies":[{"embeddable":true,"href":"https:\/\/memplate.ee\/en\/wp-json\/wp\/v2\/comments?post=55"}],"version-history":[{"count":155,"href":"https:\/\/memplate.ee\/en\/wp-json\/wp\/v2\/pages\/55\/revisions"}],"predecessor-version":[{"id":455,"href":"https:\/\/memplate.ee\/en\/wp-json\/wp\/v2\/pages\/55\/revisions\/455"}],"wp:attachment":[{"href":"https:\/\/memplate.ee\/en\/wp-json\/wp\/v2\/media?parent=55"}],"curies":[{"name":"wp","href":"https:\/\/api.w.org\/{rel}","templated":true}]}}